{"id":790,"date":"2016-05-12T10:54:33","date_gmt":"2016-05-12T10:54:33","guid":{"rendered":"http:\/\/splash.stylemixthemes.com\/\/?page_id=790"},"modified":"2020-02-03T16:31:00","modified_gmt":"2020-02-03T18:31:00","slug":"nossa-historia","status":"publish","type":"page","link":"http:\/\/bvc-volei.org\/site\/nossa-historia\/","title":{"rendered":"Nossa Hist\u00f3ria"},"content":{"rendered":"<p>[vc_row][vc_column width=&#8221;1\/2&#8243;][vc_video link=&#8221;https:\/\/www.youtube.com\/watch?v=aiouHP9og4k&#8221;][\/vc_column][vc_column width=&#8221;1\/2&#8243;][vc_column_text]<\/p>\n<div>O Barueri Volleyball Club nasceu do sonho de Jos\u00e9 Roberto Guimar\u00e3es, t\u00e9cnico da sele\u00e7\u00e3o brasileira feminina de v\u00f4lei desde 2013, de criar um time competitivo, bem como uma base formadora de atletas, para aproveitar o grande n\u00famero de jovens que despontam em Barueri e regi\u00e3o, sua cidade de cora\u00e7\u00e3o. Surgiu ent\u00e3o, um clube especializado no desenvolvimento e aprimoramento do voleibol.<\/div>\n<div><\/div>\n<div>Iniciamos nossas atividades no dia 12 de outubro de 2016 e em 3 anos de exist\u00eancia temos constru\u00eddo uma hist\u00f3ria rica em vit\u00f3rias e conquistas, principalmente transformando vidas de jovens atletas que t\u00eam passado pelo nosso clube<\/div>\n<div><\/div>\n<div>Hoje contamos com 4 categorias: sub 17, sub 19, sub 21 e adulta. S\u00e3o aproximadamente 60 atletas e 15 membros da comiss\u00e3o t\u00e9cnica envolvidos no projeto, o que \u00e9 motivo de muito orgulho,\u00a0 e nos motiva a continuar trabalhando arduamente diariamente, para n\u00e3o s\u00f3 formarmos jogadoras profissionais, mas seres humanos preparados para o mundo.<\/div>\n<div><\/div>\n<p>[\/vc_column_text][\/vc_column][\/vc_row]<\/p>\n","protected":false},"excerpt":{"rendered":"<p>[vc_row][vc_column width=&#8221;1\/2&#8243;][vc_video link=&#8221;https:\/\/www.youtube.com\/watch?v=aiouHP9og4k&#8221;][\/vc_column][vc_column width=&#8221;1\/2&#8243;][vc_column_text] O Barueri Volleyball Club nasceu do sonho de Jos\u00e9 Roberto Guimar\u00e3es, t\u00e9cnico da sele\u00e7\u00e3o brasileira feminina de v\u00f4lei desde 2013, de criar um time competitivo, bem como uma base formadora de atletas, para aproveitar o grande n\u00famero de jovens que despontam em Barueri e regi\u00e3o, sua cidade de cora\u00e7\u00e3o. Surgiu ent\u00e3o,&#8230;<\/p>\n","protected":false},"author":1,"featured_media":0,"parent":0,"menu_order":0,"comment_status":"closed","ping_status":"closed","template":"","meta":{"footnotes":""},"class_list":["post-790","page","type-page","status-publish","hentry"],"_links":{"self":[{"href":"http:\/\/bvc-volei.org\/site\/wp-json\/wp\/v2\/pages\/790","targetHints":{"allow":["GET"]}}],"collection":[{"href":"http:\/\/bvc-volei.org\/site\/wp-json\/wp\/v2\/pages"}],"about":[{"href":"http:\/\/bvc-volei.org\/site\/wp-json\/wp\/v2\/types\/page"}],"author":[{"embeddable":true,"href":"http:\/\/bvc-volei.org\/site\/wp-json\/wp\/v2\/users\/1"}],"replies":[{"embeddable":true,"href":"http:\/\/bvc-volei.org\/site\/wp-json\/wp\/v2\/comments?post=790"}],"version-history":[{"count":14,"href":"http:\/\/bvc-volei.org\/site\/wp-json\/wp\/v2\/pages\/790\/revisions"}],"predecessor-version":[{"id":2865,"href":"http:\/\/bvc-volei.org\/site\/wp-json\/wp\/v2\/pages\/790\/revisions\/2865"}],"wp:attachment":[{"href":"http:\/\/bvc-volei.org\/site\/wp-json\/wp\/v2\/media?parent=790"}],"curies":[{"name":"wp","href":"https:\/\/api.w.org\/{rel}","templated":true}]}}