{"id":3813,"date":"2024-05-13T14:23:50","date_gmt":"2024-05-13T17:23:50","guid":{"rendered":"http:\/\/bvc-volei.org\/site\/?page_id=3813"},"modified":"2024-07-02T13:50:33","modified_gmt":"2024-07-02T16:50:33","slug":"relatorios-2023","status":"publish","type":"page","link":"http:\/\/bvc-volei.org\/site\/transparencia\/relatorios\/relatorios-2023\/","title":{"rendered":"Relat\u00f3rios 2023"},"content":{"rendered":"<h2>FINANCEIRO<\/h2>\n<ol>\n<li>Demonstrativo de Fluxo de Caixa \u2013 Exerc\u00edcio 2023 &#8211; <a href=\"http:\/\/bvc-volei.org\/site\/wp-content\/uploads\/2024\/05\/Demonstracao-do-Fluxo-de-Caixa-Ex-2023.pdf\">Demonstra\u00e7\u00e3o do Fluxo de Caixa Ex 2023<\/a><\/li>\n<li>Balan\u00e7o Patrimonial \u2013 Exerc\u00edcio 2023 &#8211; <a href=\"http:\/\/bvc-volei.org\/site\/wp-content\/uploads\/2024\/05\/Balanco-Patrimonial-Ex-2023.pdf\">Balan\u00e7o Patrimonial Ex 2023<\/a><\/li>\n<li>DRE \u2013 Exerc\u00edcio 2023 &#8211; <a href=\"http:\/\/bvc-volei.org\/site\/wp-content\/uploads\/2024\/05\/Demonstracao-de-Resultado-Ex-2023.pdf\">Demonstra\u00e7\u00e3o de Resultado Ex 2023<\/a><\/li>\n<li>Ata e Editais da Aprova\u00e7\u00e3o de contas 2023 &#8211; <a href=\"http:\/\/bvc-volei.org\/site\/wp-content\/uploads\/2024\/07\/Ata-Parecer-e-Edital-Aprovacao-de-Contas-Ano-2023-1.pdf\">Ata, Parecer e Edital &#8211; Aprova\u00e7\u00e3o de Contas &#8211; Ano 2023<\/a><\/li>\n<li>Relat\u00f3rio Financeiro 2023 &#8211; <a href=\"http:\/\/bvc-volei.org\/site\/wp-content\/uploads\/2024\/05\/Relatorio-Financeiro-2023.pdf\">Relat\u00f3rio Financeiro &#8211; 2023<\/a><\/li>\n<\/ol>\n<h2>OPERACIONAL<\/h2>\n<ol>\n<li>Relat\u00f3rio de gest\u00e3o e execu\u00e7\u00e3o 2023 &#8211;\u00a0<a href=\"https:\/\/drive.google.com\/file\/d\/1hrOUt0nM8cIduNPluXML_sCcvUVLcp3U\/view?usp=share_link\">https:\/\/drive.google.com\/file\/d\/1hrOUt0nM8cIduNPluXML_sCcvUVLcp3U\/view?usp=share_link<\/a><\/li>\n<\/ol>\n","protected":false},"excerpt":{"rendered":"<p>FINANCEIRO Demonstrativo de Fluxo de Caixa \u2013 Exerc\u00edcio 2023 &#8211; Demonstra\u00e7\u00e3o do Fluxo de Caixa Ex 2023 Balan\u00e7o Patrimonial \u2013 Exerc\u00edcio 2023 &#8211; Balan\u00e7o Patrimonial Ex 2023 DRE \u2013 Exerc\u00edcio 2023 &#8211; Demonstra\u00e7\u00e3o de Resultado Ex 2023 Ata e Editais da Aprova\u00e7\u00e3o de contas 2023 &#8211; Ata, Parecer e Edital &#8211; Aprova\u00e7\u00e3o de Contas &#8211;&#8230;<\/p>\n","protected":false},"author":1,"featured_media":0,"parent":2878,"menu_order":0,"comment_status":"closed","ping_status":"closed","template":"","meta":{"footnotes":""},"class_list":["post-3813","page","type-page","status-publish","hentry"],"_links":{"self":[{"href":"http:\/\/bvc-volei.org\/site\/wp-json\/wp\/v2\/pages\/3813","targetHints":{"allow":["GET"]}}],"collection":[{"href":"http:\/\/bvc-volei.org\/site\/wp-json\/wp\/v2\/pages"}],"about":[{"href":"http:\/\/bvc-volei.org\/site\/wp-json\/wp\/v2\/types\/page"}],"author":[{"embeddable":true,"href":"http:\/\/bvc-volei.org\/site\/wp-json\/wp\/v2\/users\/1"}],"replies":[{"embeddable":true,"href":"http:\/\/bvc-volei.org\/site\/wp-json\/wp\/v2\/comments?post=3813"}],"version-history":[{"count":5,"href":"http:\/\/bvc-volei.org\/site\/wp-json\/wp\/v2\/pages\/3813\/revisions"}],"predecessor-version":[{"id":3842,"href":"http:\/\/bvc-volei.org\/site\/wp-json\/wp\/v2\/pages\/3813\/revisions\/3842"}],"up":[{"embeddable":true,"href":"http:\/\/bvc-volei.org\/site\/wp-json\/wp\/v2\/pages\/2878"}],"wp:attachment":[{"href":"http:\/\/bvc-volei.org\/site\/wp-json\/wp\/v2\/media?parent=3813"}],"curies":[{"name":"wp","href":"https:\/\/api.w.org\/{rel}","templated":true}]}}