{"id":3728,"date":"2023-10-25T16:07:46","date_gmt":"2023-10-25T18:07:46","guid":{"rendered":"http:\/\/bvc-volei.org\/site\/?page_id=3728"},"modified":"2023-10-25T16:07:46","modified_gmt":"2023-10-25T18:07:46","slug":"2-inexigibilidade","status":"publish","type":"page","link":"http:\/\/bvc-volei.org\/site\/transparencia\/processo-de-compras-e-contratacoes\/edital-001-2023-cbc\/2-inexigibilidade\/","title":{"rendered":"2 &#8211; Inexigibilidade"},"content":{"rendered":"<p>Link para download de documentos listados abaixo &#8211;\u00a0<a href=\"https:\/\/drive.google.com\/drive\/folders\/12EnydRmvOEfSBVJijBJRG3wg2syO6nG8?usp=sharing\">https:\/\/drive.google.com\/drive\/folders\/12EnydRmvOEfSBVJijBJRG3wg2syO6nG8?usp=sharing<\/a><\/p>\n<ol>\n<li>Proposta Comercial<\/li>\n<li>Carta de Exclusividade Juramentada<\/li>\n<li>Parecer T\u00e9cnico<\/li>\n<li>Parecer Jur\u00eddico<\/li>\n<li>Ratifica\u00e7\u00e3o da Entidade<\/li>\n<li>DOU<\/li>\n<li>Invoice 1- 124<\/li>\n<li>Pagamento &#8211; Invoice<\/li>\n<\/ol>\n","protected":false},"excerpt":{"rendered":"<p>Link para download de documentos listados abaixo &#8211;\u00a0https:\/\/drive.google.com\/drive\/folders\/12EnydRmvOEfSBVJijBJRG3wg2syO6nG8?usp=sharing Proposta Comercial Carta de Exclusividade Juramentada Parecer T\u00e9cnico Parecer Jur\u00eddico Ratifica\u00e7\u00e3o da Entidade DOU Invoice 1- 124 Pagamento &#8211; Invoice<\/p>\n","protected":false},"author":1,"featured_media":0,"parent":3592,"menu_order":0,"comment_status":"closed","ping_status":"closed","template":"","meta":{"footnotes":""},"class_list":["post-3728","page","type-page","status-publish","hentry"],"_links":{"self":[{"href":"http:\/\/bvc-volei.org\/site\/wp-json\/wp\/v2\/pages\/3728","targetHints":{"allow":["GET"]}}],"collection":[{"href":"http:\/\/bvc-volei.org\/site\/wp-json\/wp\/v2\/pages"}],"about":[{"href":"http:\/\/bvc-volei.org\/site\/wp-json\/wp\/v2\/types\/page"}],"author":[{"embeddable":true,"href":"http:\/\/bvc-volei.org\/site\/wp-json\/wp\/v2\/users\/1"}],"replies":[{"embeddable":true,"href":"http:\/\/bvc-volei.org\/site\/wp-json\/wp\/v2\/comments?post=3728"}],"version-history":[{"count":1,"href":"http:\/\/bvc-volei.org\/site\/wp-json\/wp\/v2\/pages\/3728\/revisions"}],"predecessor-version":[{"id":3729,"href":"http:\/\/bvc-volei.org\/site\/wp-json\/wp\/v2\/pages\/3728\/revisions\/3729"}],"up":[{"embeddable":true,"href":"http:\/\/bvc-volei.org\/site\/wp-json\/wp\/v2\/pages\/3592"}],"wp:attachment":[{"href":"http:\/\/bvc-volei.org\/site\/wp-json\/wp\/v2\/media?parent=3728"}],"curies":[{"name":"wp","href":"https:\/\/api.w.org\/{rel}","templated":true}]}}