{"id":3504,"date":"2022-05-26T17:35:29","date_gmt":"2022-05-26T20:35:29","guid":{"rendered":"http:\/\/bvc-volei.org\/site\/?page_id=3504"},"modified":"2022-05-26T17:49:24","modified_gmt":"2022-05-26T20:49:24","slug":"relatorio-2021-2","status":"publish","type":"page","link":"http:\/\/bvc-volei.org\/site\/transparencia\/relatorios\/relatorio-2021-2\/","title":{"rendered":"Relat\u00f3rios 2021"},"content":{"rendered":"<h2>FINANCEIRO<\/h2>\n<ol>\n<li>Demonstrativo de Fluxo de Caixa \u2013 Exerc\u00edcio 2021 &#8211; <a href=\"http:\/\/bvc-volei.org\/site\/wp-content\/uploads\/2022\/05\/Demonstracao-do-Fluxo-de-Caixa-Ex.-2021.pdf\">Demonstra\u00e7\u00e3o do Fluxo de Caixa Ex. 2021<\/a><\/li>\n<li>Balan\u00e7o Patrimonial \u2013 Exerc\u00edcio 2021 &#8211; <a href=\"http:\/\/bvc-volei.org\/site\/wp-content\/uploads\/2022\/05\/Balanco-Patrimonial-Ex.-2021.pdf\">Balan\u00e7o Patrimonial Ex. 2021<\/a><\/li>\n<li>DRE \u2013 Exerc\u00edcio 2021 &#8211; <a href=\"http:\/\/bvc-volei.org\/site\/wp-content\/uploads\/2022\/05\/Demonstracao-de-Resultado-Ex.2021.pdf\">Demonstra\u00e7\u00e3o de Resultado Ex.2021<\/a><\/li>\n<li>Ata e Editais da Aprova\u00e7\u00e3o de contas 2021 \u2013 <a href=\"http:\/\/bvc-volei.org\/site\/wp-content\/uploads\/2022\/05\/Ata-e-Editais-Aprovacao-contas-Ex-2021.pdf\">Ata e Editais Aprovacao contas Ex-2021<\/a><\/li>\n<li>Relat\u00f3rio Financeiro 2021 &#8211; <a href=\"http:\/\/bvc-volei.org\/site\/wp-content\/uploads\/2022\/05\/Relatorio_Financeiro_-_2021.pdf\">Relat\u00f3rio_Financeiro_-_2021<\/a><\/li>\n<\/ol>\n","protected":false},"excerpt":{"rendered":"<p>FINANCEIRO Demonstrativo de Fluxo de Caixa \u2013 Exerc\u00edcio 2021 &#8211; Demonstra\u00e7\u00e3o do Fluxo de Caixa Ex. 2021 Balan\u00e7o Patrimonial \u2013 Exerc\u00edcio 2021 &#8211; Balan\u00e7o Patrimonial Ex. 2021 DRE \u2013 Exerc\u00edcio 2021 &#8211; Demonstra\u00e7\u00e3o de Resultado Ex.2021 Ata e Editais da Aprova\u00e7\u00e3o de contas 2021 \u2013 Ata e Editais Aprovacao contas Ex-2021 Relat\u00f3rio Financeiro 2021 &#8211;&#8230;<\/p>\n","protected":false},"author":1,"featured_media":0,"parent":2878,"menu_order":0,"comment_status":"closed","ping_status":"closed","template":"","meta":{"footnotes":""},"class_list":["post-3504","page","type-page","status-publish","hentry"],"_links":{"self":[{"href":"http:\/\/bvc-volei.org\/site\/wp-json\/wp\/v2\/pages\/3504","targetHints":{"allow":["GET"]}}],"collection":[{"href":"http:\/\/bvc-volei.org\/site\/wp-json\/wp\/v2\/pages"}],"about":[{"href":"http:\/\/bvc-volei.org\/site\/wp-json\/wp\/v2\/types\/page"}],"author":[{"embeddable":true,"href":"http:\/\/bvc-volei.org\/site\/wp-json\/wp\/v2\/users\/1"}],"replies":[{"embeddable":true,"href":"http:\/\/bvc-volei.org\/site\/wp-json\/wp\/v2\/comments?post=3504"}],"version-history":[{"count":2,"href":"http:\/\/bvc-volei.org\/site\/wp-json\/wp\/v2\/pages\/3504\/revisions"}],"predecessor-version":[{"id":3516,"href":"http:\/\/bvc-volei.org\/site\/wp-json\/wp\/v2\/pages\/3504\/revisions\/3516"}],"up":[{"embeddable":true,"href":"http:\/\/bvc-volei.org\/site\/wp-json\/wp\/v2\/pages\/2878"}],"wp:attachment":[{"href":"http:\/\/bvc-volei.org\/site\/wp-json\/wp\/v2\/media?parent=3504"}],"curies":[{"name":"wp","href":"https:\/\/api.w.org\/{rel}","templated":true}]}}