{"id":2889,"date":"2020-02-07T02:27:16","date_gmt":"2020-02-07T04:27:16","guid":{"rendered":"http:\/\/bvc-volei.org\/site\/?page_id=2889"},"modified":"2023-06-21T13:59:49","modified_gmt":"2023-06-21T16:59:49","slug":"perguntas-e-respostas-frequentes","status":"publish","type":"page","link":"http:\/\/bvc-volei.org\/site\/transparencia\/perguntas-e-respostas-frequentes\/","title":{"rendered":"Perguntas e Respostas Frequentes"},"content":{"rendered":"<p><strong>1 &#8211; Como funcionam as peneiras das equipes de base?<\/strong><\/p>\n<p>Hoje n\u00e3o realizamos mais peneiras. Nossa equipe t\u00e9cnica recebe indica\u00e7\u00f5es de atletas durante o ano e acompanham o desempenho de outras equipes de todo o Brasil tamb\u00e9m para selecionar as jogadoras mais adequadas para nosso projeto.<\/p>\n<p><strong>2 &#8211; Mas ent\u00e3o n\u00e3o tenho chance de entrar para a equipe?<\/strong><\/p>\n<p>Sim, voc\u00ea pode nos enviar um material t\u00e9cnico, para que possamos analisar seu desempenho e ap\u00f3s avalia\u00e7\u00e3o da comiss\u00e3o t\u00e9cnica marcarmos uma avalia\u00e7\u00e3o presencial.<\/p>\n<p><strong>3 &#8211; Os patrocinadores da equipe adulta s\u00e3o os mesmos que os das equipes de base?<\/strong><\/p>\n<p>Eventualmente podem ser, desde que o patrocinador se interesse por ambas as categorias. Hoje temos alguns patrocinadores exclusivos para a equipe adulta, como o S\u00e3o Paulo FC, Hinode, Sanepav e Benfica; e outros exclusivos para as equipes de base, como Epson.<\/p>\n<p><strong>4 &#8211; O t\u00e9cnico Jos\u00e9 Roberto Guimar\u00e3es \u00e9 tamb\u00e9m t\u00e9cnico das equipe de base?<\/strong><\/p>\n<p>N\u00e3o, o t\u00e9cnico Jos\u00e9 Roberto \u00e9 o gestor t\u00e9cnico do projeto e acompanha todas as categorias envolvidas.<\/p>\n<p><strong>5 &#8211; Quais as categorias que hoje o BVC possui?<\/strong><\/p>\n<p>Hoje, contamos com as equipes sub 17, sub 19, sub 21 e equipe adulta.<\/p>\n<p><strong>6 &#8211; Qual o gin\u00e1sio de jogo da equipe adulta?<\/strong><\/p>\n<p>O gin\u00e1sio oficial da equipe adulta para jogos \u00e9 o Gin\u00e1sio Jos\u00e9 Correia, por\u00e9m a equipe pode jogar eventualmente no Sportville CT e no Gin\u00e1sio do Jardim Silveira.<\/p>\n<p><strong>7 &#8211; Como fa\u00e7o para assistir os jogos do BVC?<\/strong><\/p>\n<p>Divulgamos as tabelas dos campeonatos, tanto das categorias de base como da equipe adulta, com anteced\u00eancia em nossas redes sociais, bem como fazemos as chamadas jogo a jogo.<\/p>\n<p><strong>8 &#8211; A entrada para os jogos s\u00e3o pagas?<\/strong><\/p>\n<p>Todos os jogos do Barueri tem entrada gratuita, no entanto os ingressos para os jogos da equipe adulta devem ser reservados e resgatados no site do Sympla. Os links para este resgate tamb\u00e9m s\u00e3o divulgados antecipadamente em nossas redes sociais.<\/p>\n<p><strong>9 &#8211; Tenho interesse para fazer parte da equipe t\u00e9cnica.\u00a0Como devo proceder?<\/strong><\/p>\n<p>Nossas vagas tamb\u00e9m s\u00e3o divulgadas em nosso site e redes sociais mas se mesmo assim desejar se candidatar a uma vaga ainda n\u00e3o dispon\u00edvel favor enviar o CV para o email: contato@bvc-volei.org<\/p>\n<p><strong>10 &#8211; O BVC possui escolinhas de v\u00f4lei n\u00e3o competitivo?<\/strong><\/p>\n<p>N\u00e3o, por\u00e9m temos conv\u00eanio com a Escola de Esportes da Prefeitura de Barueri e o contato deve ser feito atrav\u00e9s do telefone: (11)4199-1700 .<\/p>\n<p>&nbsp;<\/p>\n<p>&nbsp;<\/p>\n","protected":false},"excerpt":{"rendered":"<p>1 &#8211; Como funcionam as peneiras das equipes de base? Hoje n\u00e3o realizamos mais peneiras. Nossa equipe t\u00e9cnica recebe indica\u00e7\u00f5es de atletas durante o ano e acompanham o desempenho de outras equipes de todo o Brasil tamb\u00e9m para selecionar as jogadoras mais adequadas para nosso projeto. 2 &#8211; Mas ent\u00e3o n\u00e3o tenho chance de entrar&#8230;<\/p>\n","protected":false},"author":1,"featured_media":0,"parent":1926,"menu_order":0,"comment_status":"closed","ping_status":"closed","template":"","meta":{"footnotes":""},"class_list":["post-2889","page","type-page","status-publish","hentry"],"_links":{"self":[{"href":"http:\/\/bvc-volei.org\/site\/wp-json\/wp\/v2\/pages\/2889","targetHints":{"allow":["GET"]}}],"collection":[{"href":"http:\/\/bvc-volei.org\/site\/wp-json\/wp\/v2\/pages"}],"about":[{"href":"http:\/\/bvc-volei.org\/site\/wp-json\/wp\/v2\/types\/page"}],"author":[{"embeddable":true,"href":"http:\/\/bvc-volei.org\/site\/wp-json\/wp\/v2\/users\/1"}],"replies":[{"embeddable":true,"href":"http:\/\/bvc-volei.org\/site\/wp-json\/wp\/v2\/comments?post=2889"}],"version-history":[{"count":4,"href":"http:\/\/bvc-volei.org\/site\/wp-json\/wp\/v2\/pages\/2889\/revisions"}],"predecessor-version":[{"id":3670,"href":"http:\/\/bvc-volei.org\/site\/wp-json\/wp\/v2\/pages\/2889\/revisions\/3670"}],"up":[{"embeddable":true,"href":"http:\/\/bvc-volei.org\/site\/wp-json\/wp\/v2\/pages\/1926"}],"wp:attachment":[{"href":"http:\/\/bvc-volei.org\/site\/wp-json\/wp\/v2\/media?parent=2889"}],"curies":[{"name":"wp","href":"https:\/\/api.w.org\/{rel}","templated":true}]}}