{"id":2812,"date":"2020-01-21T13:19:03","date_gmt":"2020-01-21T15:19:03","guid":{"rendered":"http:\/\/bvc-volei.org\/site\/?page_id=2812"},"modified":"2020-01-21T13:19:04","modified_gmt":"2020-01-21T15:19:04","slug":"ginasio-jose-correa","status":"publish","type":"page","link":"http:\/\/bvc-volei.org\/site\/sobre-o-clube\/estrutura\/ginasio-jose-correa\/","title":{"rendered":"Gin\u00e1sio Jos\u00e9 Corr\u00eaa"},"content":{"rendered":"\n<p>Barueri conta hoje com um dos maiores complexos esportivo de toda a regi\u00e3o: o Gin\u00e1sio Poliesportivo Jos\u00e9 Corr\u00eaa. Situado na regi\u00e3o central da cidade, tem capacidade para 5 mil pessoas confortavelmente sentadas e estacionamento para 480 ve\u00edculos.<\/p>\n\n\n\n<p>\u00c9 no Gin\u00e1sio Jos\u00e9 Corr\u00eaa que funciona a Secretaria de Esportes de Barueri e onde a equipe adulta do Barueri Volleyball Club executa seu treinamento no per\u00edodo da tarde e seus jogos oficiais.<\/p>\n\n\n\n<p>O Gin\u00e1sio Jos\u00e9 Corr\u00eaa fica na avenida Guilherme P. Guglielmo, n\u00ba 1000 \u2013 Centro \u2013 Barueri. CEP 06401-145 \u2013 Telefone (11) 4199-1700<\/p>\n\n\n\n<p><\/p>\n\n\n\n<figure class=\"wp-block-image size-large\"><img fetchpriority=\"high\" decoding=\"async\" width=\"617\" height=\"371\" src=\"http:\/\/bvc-volei.org\/site\/wp-content\/uploads\/2020\/01\/Jos\u00e9-Correa.jpeg\" alt=\"\" class=\"wp-image-2761\" srcset=\"http:\/\/bvc-volei.org\/site\/wp-content\/uploads\/2020\/01\/Jos\u00e9-Correa.jpeg 617w, http:\/\/bvc-volei.org\/site\/wp-content\/uploads\/2020\/01\/Jos\u00e9-Correa-300x180.jpeg 300w, http:\/\/bvc-volei.org\/site\/wp-content\/uploads\/2020\/01\/Jos\u00e9-Correa-128x77.jpeg 128w, http:\/\/bvc-volei.org\/site\/wp-content\/uploads\/2020\/01\/Jos\u00e9-Correa-32x19.jpeg 32w, http:\/\/bvc-volei.org\/site\/wp-content\/uploads\/2020\/01\/Jos\u00e9-Correa-98x59.jpeg 98w, http:\/\/bvc-volei.org\/site\/wp-content\/uploads\/2020\/01\/Jos\u00e9-Correa-600x361.jpeg 600w\" sizes=\"(max-width: 617px) 100vw, 617px\" \/><\/figure>\n","protected":false},"excerpt":{"rendered":"<p>Barueri conta hoje com um dos maiores complexos esportivo de toda a regi\u00e3o: o Gin\u00e1sio Poliesportivo Jos\u00e9 Corr\u00eaa. Situado na regi\u00e3o central da cidade, tem capacidade para 5 mil pessoas confortavelmente sentadas e estacionamento para 480 ve\u00edculos. \u00c9 no Gin\u00e1sio Jos\u00e9 Corr\u00eaa que funciona a Secretaria de Esportes de Barueri e onde a equipe adulta&#8230;<\/p>\n","protected":false},"author":1,"featured_media":0,"parent":2804,"menu_order":0,"comment_status":"closed","ping_status":"closed","template":"","meta":{"footnotes":""},"class_list":["post-2812","page","type-page","status-publish","hentry"],"_links":{"self":[{"href":"http:\/\/bvc-volei.org\/site\/wp-json\/wp\/v2\/pages\/2812","targetHints":{"allow":["GET"]}}],"collection":[{"href":"http:\/\/bvc-volei.org\/site\/wp-json\/wp\/v2\/pages"}],"about":[{"href":"http:\/\/bvc-volei.org\/site\/wp-json\/wp\/v2\/types\/page"}],"author":[{"embeddable":true,"href":"http:\/\/bvc-volei.org\/site\/wp-json\/wp\/v2\/users\/1"}],"replies":[{"embeddable":true,"href":"http:\/\/bvc-volei.org\/site\/wp-json\/wp\/v2\/comments?post=2812"}],"version-history":[{"count":1,"href":"http:\/\/bvc-volei.org\/site\/wp-json\/wp\/v2\/pages\/2812\/revisions"}],"predecessor-version":[{"id":2813,"href":"http:\/\/bvc-volei.org\/site\/wp-json\/wp\/v2\/pages\/2812\/revisions\/2813"}],"up":[{"embeddable":true,"href":"http:\/\/bvc-volei.org\/site\/wp-json\/wp\/v2\/pages\/2804"}],"wp:attachment":[{"href":"http:\/\/bvc-volei.org\/site\/wp-json\/wp\/v2\/media?parent=2812"}],"curies":[{"name":"wp","href":"https:\/\/api.w.org\/{rel}","templated":true}]}}