{"id":2194,"date":"2020-01-20T14:35:10","date_gmt":"2020-01-20T16:35:10","guid":{"rendered":"http:\/\/bvc-volei.org\/site\/?page_id=2194"},"modified":"2020-02-07T01:28:06","modified_gmt":"2020-02-07T03:28:06","slug":"copa-do-brasilpraia-clube-x-sao-paulo-fc-barueri","status":"publish","type":"page","link":"http:\/\/bvc-volei.org\/site\/copa-do-brasilpraia-clube-x-sao-paulo-fc-barueri\/","title":{"rendered":"Pr\u00f3ximos Jogos"},"content":{"rendered":"<p>[vc_row full_width=&#8221;stretch_row&#8221; parallax=&#8221;content-moving&#8221; parallax_image=&#8221;1963&#8243; css=&#8221;.vc_custom_1535554938883{padding-top: 80px !important;padding-bottom: 50px !important;}&#8221;][vc_column width=&#8221;1\/2&#8243; css=&#8221;.vc_custom_1475579908970{padding-top: 0px !important;}&#8221;][vc_single_image image=&#8221;1879&#8243; css_animation=&#8221;fadeInLeft&#8221;][\/vc_column][vc_column width=&#8221;1\/2&#8243; css=&#8221;.vc_custom_1475579916536{padding-top: 0px !important;}&#8221;][vc_column_text]<span style=\"color: #999999;\">UTILIZE O C\u00d3DIGO <strong><span style=\"color: #cc99ff;\">SAOPAULO10<\/span><\/strong> E ADQUIRA O PAY-PER-VIEW NOS NOSSOS JOGOS E AINDA AJUDE NOSSO CLUBE! S\u00d3 NO CANAL http:\/\/canalvoleibrasil.cbv.com.br<\/span><\/p>\n<p>&nbsp;<\/p>\n<p><span style=\"color: #ffffff;\"><strong><em>07\/02\/2020<\/em>\u00a0\u2013 20h &#8211; Osasco X S\u00e3o Paulo F.C.\/Barueri<\/strong><\/span><\/p>\n<p><span style=\"color: #ffffff;\">Gin\u00e1sio Jos\u00e9 Liberatti (Osasco\/SP) &#8211;\u00a0Transmiss\u00e3o Canal V\u00f4lei Brasil &#8211;\u00a0<a style=\"color: #ffffff;\" href=\"http:\/\/canalvoleibrasil.cbv.com.br\">http:\/\/canalvoleibrasil.cbv.com.br<\/a><\/span><\/p>\n<p><span style=\"color: #ffffff;\"><strong><br \/>\n<em>11\/02\/2020<\/em>\u00a0\u2013 19h30 &#8211; Dentil Praia Clube X S\u00e3o Paulo F.C.\/Barueri<\/strong><\/span><\/p>\n<p><span style=\"color: #ffffff;\">Praia Clube (Uberl\u00e2ndia\/MG) &#8211; Transmiss\u00e3o Canal V\u00f4lei Brasil &#8211;\u00a0<a style=\"color: #ffffff;\" href=\"http:\/\/canalvoleibrasil.cbv.com.br\">http:\/\/canalvoleibrasil.cbv.com.br<\/a><\/span><\/p>\n<p><span style=\"color: #ffffff;\"><strong><br \/>\n<em>14\/02\/2020<\/em>\u00a0\u2013 20h00 &#8211; Itamb\u00e9 Minas X S\u00e3o Paulo F.C.\/Barueri<\/strong><\/span><\/p>\n<p><span style=\"color: #ffffff;\">Minas T\u00eanis Clube (Belo Horizonte\/MG) &#8211; Transmiss\u00e3o Canal V\u00f4lei Brasil &#8211;\u00a0<a style=\"color: #ffffff;\" href=\"http:\/\/canalvoleibrasil.cbv.com.br\">http:\/\/canalvoleibrasil.cbv.com.br<\/a><\/span><\/p>\n<p><span style=\"color: #ffffff;\"><strong><br \/>\n<em>21\/02\/2020\u00a0\u2013 19h30 &#8211;<\/em>\u00a0S\u00e3o Paulo F.C.\/Barueri. X Valinhos<\/strong><\/span><\/p>\n<p><span style=\"color: #ffffff;\">Gin\u00e1sio\u00a0<span style=\"caret-color: #000000;\">Jos\u00e9<\/span>\u00a0Correia (Barueri\/SP) &#8211; Transmiss\u00e3o TV CULTURA<\/span><\/p>\n<p><span style=\"color: #ffffff;\"><strong>28\/02\/2020\u00a0\u2013 19h30 &#8211; S\u00e3o Cristov\u00e3o Sa\u00fade S\u00e3o Caetano X S\u00e3o Paulo F.C.\/Barueri<\/strong><\/span><\/p>\n<p><span style=\"color: #ffffff;\">Gin\u00e1sio Lauro Gomes (S\u00e3o Caetano\/SP) &#8211; Transmiss\u00e3o Canal V\u00f4lei Brasil &#8211;\u00a0<a style=\"color: #ffffff;\" href=\"http:\/\/canalvoleibrasil.cbv.com.br\">http:\/\/canalvoleibrasil.cbv.com.br<\/a><\/span>[\/vc_column_text][\/vc_column][\/vc_row][vc_row][vc_column][vc_tta_tabs][vc_tta_section title=&#8221;S\u00e3o Paulo FC Barueri &#8211; Superliga&#8221; tab_id=&#8221;1537881317133-e2993793-62dfa71c-66906045-3a58&#8243;][stm_icon_list]<a href=\"http:\/\/bvc-volei.org\/site\/wp-content\/uploads\/2020\/01\/TABELA-OFICIAL-SUPERLIGA-2019-2020-JOGOS-S\u00c3O-PAULO-FC.BARUERI-1.pdf\">TABELA OFICIAL SUPERLIGA 2019-2020 JOGOS S\u00c3O PAULO FC.BARUERI<\/a>[\/stm_icon_list][\/vc_tta_section][vc_tta_section title=&#8221;Sub 21 &#8211; Estadual&#8221; tab_id=&#8221;1542296505653-eda4c5eb-0b146045-3a58&#8243;][vc_column_text]<span style=\"display: inline !important; float: none; background-color: #ffffff; color: #333333; cursor: text; font-family: Georgia,'Times New Roman','Bitstream Charter',Times,serif; font-size: 16px; font-style: normal; font-variant: normal; font-weight: 400; letter-spacing: normal; orphans: 2; text-align: left; text-decoration: none; text-indent: 0px; text-transform: none; -webkit-text-stroke-width: 0px; white-space: normal; word-spacing: 0px;\">Em breve ser\u00e1 divulgada a tabela de jogos 2020.<\/span>[\/vc_column_text][\/vc_tta_section][vc_tta_section title=&#8221;Sub 19 &#8211; Estadual&#8221; tab_id=&#8221;1542296504936-00d79875-1d3d6045-3a58&#8243;][vc_column_text]<span style=\"display: inline !important; float: none; background-color: #ffffff; color: #333333; cursor: text; font-family: Georgia,'Times New Roman','Bitstream Charter',Times,serif; font-size: 16px; font-style: normal; font-variant: normal; font-weight: 400; letter-spacing: normal; orphans: 2; text-align: left; text-decoration: none; text-indent: 0px; text-transform: none; -webkit-text-stroke-width: 0px; white-space: normal; word-spacing: 0px;\">Em breve ser\u00e1 divulgada a tabela de jogos 2020.<\/span>[\/vc_column_text][\/vc_tta_section][vc_tta_section title=&#8221;Sub 17 &#8211; Estatual&#8221; tab_id=&#8221;1579288151380-57c53c32-7a93&#8243;][vc_column_text]<span style=\"display: inline !important; float: none; background-color: #ffffff; color: #333333; cursor: text; font-family: Georgia,'Times New Roman','Bitstream Charter',Times,serif; font-size: 16px; font-style: normal; font-variant: normal; font-weight: 400; letter-spacing: normal; orphans: 2; text-align: left; text-decoration: none; text-indent: 0px; text-transform: none; -webkit-text-stroke-width: 0px; white-space: normal; word-spacing: 0px;\">Em breve ser\u00e1 divulgada a tabela de jogos 2020.<\/span>[\/vc_column_text][\/vc_tta_section][\/vc_tta_tabs][\/vc_column][\/vc_row][vc_row][vc_column][\/vc_column][\/vc_row][vc_row full_width=&#8221;stretch_row&#8221; css=&#8221;.vc_custom_1481962447668{padding-bottom: 80px !important;background-color: #f0f0f0 !important;}&#8221;][vc_column][\/vc_column][\/vc_row]<\/p>\n","protected":false},"excerpt":{"rendered":"<p>[vc_row full_width=&#8221;stretch_row&#8221; parallax=&#8221;content-moving&#8221; parallax_image=&#8221;1963&#8243; css=&#8221;.vc_custom_1535554938883{padding-top: 80px !important;padding-bottom: 50px !important;}&#8221;][vc_column width=&#8221;1\/2&#8243; css=&#8221;.vc_custom_1475579908970{padding-top: 0px !important;}&#8221;][vc_single_image image=&#8221;1879&#8243; css_animation=&#8221;fadeInLeft&#8221;][\/vc_column][vc_column width=&#8221;1\/2&#8243; css=&#8221;.vc_custom_1475579916536{padding-top: 0px !important;}&#8221;][vc_column_text]UTILIZE O C\u00d3DIGO SAOPAULO10 E ADQUIRA O PAY-PER-VIEW NOS NOSSOS JOGOS E AINDA AJUDE NOSSO CLUBE! S\u00d3 NO CANAL http:\/\/canalvoleibrasil.cbv.com.br &nbsp; 07\/02\/2020\u00a0\u2013 20h &#8211; Osasco X S\u00e3o Paulo F.C.\/Barueri Gin\u00e1sio Jos\u00e9 Liberatti (Osasco\/SP) &#8211;\u00a0Transmiss\u00e3o Canal V\u00f4lei Brasil&#8230;<\/p>\n","protected":false},"author":1,"featured_media":0,"parent":0,"menu_order":0,"comment_status":"closed","ping_status":"closed","template":"","meta":{"footnotes":""},"class_list":["post-2194","page","type-page","status-publish","hentry"],"_links":{"self":[{"href":"http:\/\/bvc-volei.org\/site\/wp-json\/wp\/v2\/pages\/2194","targetHints":{"allow":["GET"]}}],"collection":[{"href":"http:\/\/bvc-volei.org\/site\/wp-json\/wp\/v2\/pages"}],"about":[{"href":"http:\/\/bvc-volei.org\/site\/wp-json\/wp\/v2\/types\/page"}],"author":[{"embeddable":true,"href":"http:\/\/bvc-volei.org\/site\/wp-json\/wp\/v2\/users\/1"}],"replies":[{"embeddable":true,"href":"http:\/\/bvc-volei.org\/site\/wp-json\/wp\/v2\/comments?post=2194"}],"version-history":[{"count":59,"href":"http:\/\/bvc-volei.org\/site\/wp-json\/wp\/v2\/pages\/2194\/revisions"}],"predecessor-version":[{"id":2872,"href":"http:\/\/bvc-volei.org\/site\/wp-json\/wp\/v2\/pages\/2194\/revisions\/2872"}],"wp:attachment":[{"href":"http:\/\/bvc-volei.org\/site\/wp-json\/wp\/v2\/media?parent=2194"}],"curies":[{"name":"wp","href":"https:\/\/api.w.org\/{rel}","templated":true}]}}